{"id":100,"date":"2022-11-23T03:48:24","date_gmt":"2022-11-23T03:48:24","guid":{"rendered":"https:\/\/lupo.wpdev.ca\/home\/"},"modified":"2022-12-12T18:15:21","modified_gmt":"2022-12-12T18:15:21","slug":"home","status":"publish","type":"page","link":"https:\/\/restaurantlupo.com\/en\/","title":{"rendered":"Home"},"content":{"rendered":"\n\n\t\t\t\t<img loading=\"lazy\" decoding=\"async\" src=\"https:\/\/restaurantlupo.com\/wp-content\/uploads\/2022\/11\/imgpsh_full.png\" alt=\"imgpsh_full\" itemprop=\"image\" height=\"305\" width=\"902\" title=\"imgpsh_full\" onerror=\"this.style.display='none'\"  \/>\n<h5>\n\t\t LUPO, fine authentic Italian cuisine restaurant prepared simply with fresh market ingredients. The atmosphere is chic, elegant, warm and festive. For a business lunch, a romantic evening, or with family and friends; all the opportunities are favorable.\n\t<\/h5>\n\t\t\t<a href=\"https:\/\/restaurantlupo.com\/en\/menu\/\" target=\"_self\" role=\"button\" rel=\"noopener\">\n\t\t\t\t\t\t\tview our menu \u00e0 la carte \n\t\t\t\t\t<\/a>\n\t\t\t<a href=\"https:\/\/restaurantlupo.com\/en\/table-dhote\/\" target=\"_self\" role=\"button\" rel=\"noopener\">\n\t\t\t\t\t\t\tview our table d&#8217;h\u00f4te\n\t\t\t\t\t<\/a>\n<h5>\n\t\t<a href=\"https:\/\/restaurantlupo.com\/en\/menu\/\" title=\"\u00e0 la carte\" target=\"_self\" rel=\"noopener\">\n\t\t\u00e0 la carte\n\t\t<\/a>\n\t<\/h5>\n\t\t\t\t<a href=\"https:\/\/restaurantlupo.com\/en\/menu\/\" target=\"_self\" itemprop=\"url\" rel=\"noopener\">\n\t\t\t\t<img loading=\"lazy\" decoding=\"async\" src=\"https:\/\/restaurantlupo.com\/wp-content\/uploads\/2022\/12\/gallery-seafood.jpg\" alt=\"gallery-seafood\" itemprop=\"image\" height=\"1000\" width=\"1588\" title=\"gallery-seafood\" onerror=\"this.style.display='none'\"  \/>\n\t\t\t\t<\/a>\n<h2>\n\t\tFine italian cuisine\n\t<\/h2>\n<h5>\n\t\t<a href=\"https:\/\/restaurantlupo.com\/en\/guestlist\/\" title=\"guest list\" target=\"_self\" rel=\"noopener\">\n\t\tguest list\n\t\t<\/a>\n\t<\/h5>\n\t\t\t\t<a href=\"https:\/\/restaurantlupo.com\/en\/guestlist\/\" target=\"_self\" itemprop=\"url\" rel=\"noopener\">\n\t\t\t\t<img loading=\"lazy\" decoding=\"async\" src=\"https:\/\/restaurantlupo.com\/wp-content\/uploads\/2022\/12\/gallery-table-cups.jpg\" alt=\"gallery-table-cups\" itemprop=\"image\" height=\"1000\" width=\"1588\" title=\"gallery-table-cups\" onerror=\"this.style.display='none'\"  \/>\n\t\t\t\t<\/a>\n<h2>\n\t\tBe part of our database\n\t<\/h2>\n<h5>\n\t\t<a href=\"https:\/\/restaurantlupo.com\/en\/contact\/\" title=\"Contact\" target=\"_self\" rel=\"noopener\">\n\t\tContact\n\t\t<\/a>\n\t<\/h5>\n\t\t\t\t<a href=\"https:\/\/restaurantlupo.com\/en\/contact\/\" target=\"_self\" itemprop=\"url\" rel=\"noopener\">\n\t\t\t\t<img loading=\"lazy\" decoding=\"async\" src=\"https:\/\/restaurantlupo.com\/wp-content\/uploads\/2022\/12\/gallery-wine.jpg\" alt=\"gallery-wine\" itemprop=\"image\" height=\"1000\" width=\"1588\" title=\"gallery-wine\" onerror=\"this.style.display='none'\"  \/>\n\t\t\t\t<\/a>\n<h2>\n\t\tWhere to find us\n\t<\/h2>\n\n","protected":false},"excerpt":{"rendered":"<p>LUPO, fine authentic Italian cuisine restaurant prepared simply with fresh market ingredients. The atmosphere is chic, elegant, warm and festive. For a business lunch, a romantic evening, or with family and friends; all the opportunities are favorable. view our menu \u00e0 la carte view our table d&#8217;h\u00f4te \u00e0 la carte Fine italian cuisine guest list [&hellip;]<\/p>\n","protected":false},"author":2,"featured_media":0,"parent":0,"menu_order":0,"comment_status":"closed","ping_status":"closed","template":"","meta":{"_seopress_robots_primary_cat":"","_seopress_titles_title":"","_seopress_titles_desc":"","_seopress_robots_index":"","site-sidebar-layout":"no-sidebar","site-content-layout":"page-builder","ast-site-content-layout":"full-width-container","site-content-style":"unboxed","site-sidebar-style":"unboxed","ast-global-header-display":"","ast-banner-title-visibility":"","ast-main-header-display":"","ast-hfb-above-header-display":"","ast-hfb-below-header-display":"","ast-hfb-mobile-header-display":"","site-post-title":"disabled","ast-breadcrumbs-content":"disabled","ast-featured-img":"","footer-sml-layout":"disabled","theme-transparent-header-meta":"default","adv-header-id-meta":"","stick-header-meta":"","header-above-stick-meta":"","header-main-stick-meta":"","header-below-stick-meta":"","astra-migrate-meta-layouts":"default","ast-page-background-enabled":"default","ast-page-background-meta":{"desktop":{"background-color":"var(--ast-global-color-4)","background-image":"","background-repeat":"repeat","background-position":"center center","background-size":"auto","background-attachment":"scroll","background-type":"","background-media":"","overlay-type":"","overlay-color":"","overlay-opacity":"","overlay-gradient":""},"tablet":{"background-color":"","background-image":"","background-repeat":"repeat","background-position":"center center","background-size":"auto","background-attachment":"scroll","background-type":"","background-media":"","overlay-type":"","overlay-color":"","overlay-opacity":"","overlay-gradient":""},"mobile":{"background-color":"","background-image":"","background-repeat":"repeat","background-position":"center center","background-size":"auto","background-attachment":"scroll","background-type":"","background-media":"","overlay-type":"","overlay-color":"","overlay-opacity":"","overlay-gradient":""}},"ast-content-background-meta":{"desktop":{"background-color":"var(--ast-global-color-5)","background-image":"","background-repeat":"repeat","background-position":"center center","background-size":"auto","background-attachment":"scroll","background-type":"","background-media":"","overlay-type":"","overlay-color":"","overlay-opacity":"","overlay-gradient":""},"tablet":{"background-color":"var(--ast-global-color-5)","background-image":"","background-repeat":"repeat","background-position":"center center","background-size":"auto","background-attachment":"scroll","background-type":"","background-media":"","overlay-type":"","overlay-color":"","overlay-opacity":"","overlay-gradient":""},"mobile":{"background-color":"var(--ast-global-color-5)","background-image":"","background-repeat":"repeat","background-position":"center center","background-size":"auto","background-attachment":"scroll","background-type":"","background-media":"","overlay-type":"","overlay-color":"","overlay-opacity":"","overlay-gradient":""}},"footnotes":""},"class_list":["post-100","page","type-page","status-publish","hentry"],"_links":{"self":[{"href":"https:\/\/restaurantlupo.com\/en\/wp-json\/wp\/v2\/pages\/100","targetHints":{"allow":["GET"]}}],"collection":[{"href":"https:\/\/restaurantlupo.com\/en\/wp-json\/wp\/v2\/pages"}],"about":[{"href":"https:\/\/restaurantlupo.com\/en\/wp-json\/wp\/v2\/types\/page"}],"author":[{"embeddable":true,"href":"https:\/\/restaurantlupo.com\/en\/wp-json\/wp\/v2\/users\/2"}],"replies":[{"embeddable":true,"href":"https:\/\/restaurantlupo.com\/en\/wp-json\/wp\/v2\/comments?post=100"}],"version-history":[{"count":9,"href":"https:\/\/restaurantlupo.com\/en\/wp-json\/wp\/v2\/pages\/100\/revisions"}],"predecessor-version":[{"id":3319,"href":"https:\/\/restaurantlupo.com\/en\/wp-json\/wp\/v2\/pages\/100\/revisions\/3319"}],"wp:attachment":[{"href":"https:\/\/restaurantlupo.com\/en\/wp-json\/wp\/v2\/media?parent=100"}],"curies":[{"name":"wp","href":"https:\/\/api.w.org\/{rel}","templated":true}]}}