{"id":1118,"date":"2022-11-24T11:40:44","date_gmt":"2022-11-24T11:40:44","guid":{"rendered":"https:\/\/lupo.wpdev.ca\/menu-midi\/"},"modified":"2025-11-14T20:36:36","modified_gmt":"2025-11-14T20:36:36","slug":"table-dhote","status":"publish","type":"page","link":"https:\/\/restaurantlupo.com\/en\/table-dhote\/","title":{"rendered":"Table d&#8217;h\u00f4te"},"content":{"rendered":"\n<h1>\n\t\tTable d&#8217;h\u00f4te\n\t<\/h1>\n<h2>\n\t\tTable d&#8217;h\u00f4te\n\t<\/h2>\n\t\t\t <p>************************<\/p>\t\t\n\t\t\t <p>Soupe du Jour<\/p>\t\t\n\t\t\t <p>\u00a0Moules su Bleu<\/p>\t\t\n\t\t\t <p>Salade d&#8217;\u00e9pinards, asperges et zucchinis grill\u00e9s, feta et pistaches<\/p>\t\t\n\t\t\t <p>Mixte de champignons, r\u00e9duction balsamique, tomates et fromage de ch\u00e8vre<\/p>\t\t\n\t\t\t <p>Saucisse grill\u00e9e et poivrons r\u00f4tis**************************\u00a0<\/p>\t\t\n\t\t<h4>45<\/h4>\n\t\t\t<h3>Pizza Del Chef<\/h3><h6>Sauce tomate, mozzarella, pepperoni, bacon, tomates fra\u00eeches, champignons et olives<\/h6>\t\t\n\t\t<h4>52<\/h4>\n\t\t\t<h3>Pacchari alla Cenacolo<\/h3><h6>P\u00e2tes lcourtes servies avec une sauce \u00e0 la ricotta et tomate, basilic et Burrata<\/h6>\t\t\n\t\t<h4>58<\/h4>\n\t\t\t<h3>Farfalle al Salmone Fresco<\/h3><h6>P\u00e2tes papillon servies avec saumon frais, ail, \u00e9chalotes et sauce ros\u00e9e flamb\u00e9e \u00e0 la vodka<\/h6>\t\t\n\t\t<h4>62<\/h4>\n\t\t\t<h3>Poisson du march\u00e9<\/h3><h6>Servi avec l\u00e9gumes<\/h6>\t\t\n\t\t<h4>65<\/h4>\n\t\t\t<h3>Bavette alla griglia<\/h3><h6>Bavette AAA grill\u00e9e servie avec une sauce aux poivres, frites et l\u00e9gumes<\/h6>\t\t\n\t\t<h4>65<\/h4>\n\t\t\t<h3>Scaloppine Uva e Brie<\/h3><h6>Escalopes de veau po\u00eal\u00e9es au porto blanc, fromage brie et raisins accompagn\u00e9es de p\u00e2te et l\u00e9gumes<\/h6>\t\t\n\t\t<h4>69<\/h4>\n\t\t\t<h3>Gamberi Fra&#8217; Angelo<\/h3><h6>Crevettes(4) po\u00eal\u00e9es au vin blanc, ail, romarin, miel l\u00e9g\u00e8rement \u00e9pic\u00e9es,\u00a0 accompagn\u00e9es de p\u00e2tes et l\u00e9gumes\u00a0 \u00a0 \u00a0 \u00a0 \u00a0<\/h6>\t\t\n\t<p>**************************************<\/p>\n<p>Caf\u00e9 et dessert<\/p>\n<p>***************************************<\/p>\n<p>Cocktail du Jour &#8211; 15$<\/p>\n<p>***************************************<\/p>\nVins du mois:<br \/>\nBLANC : Chardonnay- Piemont-Cascina Ghercina-2024- 55$<br \/>\nROUGE : Sangiovese-Chianti la Vialla Superiore-2019- 65$\n<p>&nbsp;<\/p>\nSUGGESTION DU PATRON<br \/>\nGrenache blanc,rousanne et Marsanne-C\u00f4te-du-Rhone-Brun Avril-70$<br \/>\nMerlot, Syrah- Villa Tirrena-Italie-2016-65$\n<p>&nbsp;<\/p>\n<p>&nbsp;<\/p>\n<p>&nbsp;<\/p>\n\n\n","protected":false},"excerpt":{"rendered":"<p>Table d&#8217;h\u00f4te Table d&#8217;h\u00f4te ************************ Soupe du Jour \u00a0Moules su Bleu Salade d&#8217;\u00e9pinards, asperges et zucchinis grill\u00e9s, feta et pistaches Mixte de champignons, r\u00e9duction balsamique, tomates et fromage de ch\u00e8vre Saucisse grill\u00e9e et poivrons r\u00f4tis**************************\u00a0 45 Pizza Del Chef Sauce tomate, mozzarella, pepperoni, bacon, tomates fra\u00eeches, champignons et olives 52 Pacchari alla Cenacolo P\u00e2tes lcourtes [&hellip;]<\/p>\n","protected":false},"author":2,"featured_media":0,"parent":0,"menu_order":0,"comment_status":"closed","ping_status":"closed","template":"","meta":{"_seopress_robots_primary_cat":"","_seopress_titles_title":"","_seopress_titles_desc":"","_seopress_robots_index":"","site-sidebar-layout":"no-sidebar","site-content-layout":"page-builder","ast-site-content-layout":"full-width-container","site-content-style":"unboxed","site-sidebar-style":"unboxed","ast-global-header-display":"","ast-banner-title-visibility":"","ast-main-header-display":"","ast-hfb-above-header-display":"","ast-hfb-below-header-display":"","ast-hfb-mobile-header-display":"","site-post-title":"disabled","ast-breadcrumbs-content":"disabled","ast-featured-img":"disabled","footer-sml-layout":"disabled","theme-transparent-header-meta":"default","adv-header-id-meta":"","stick-header-meta":"","header-above-stick-meta":"","header-main-stick-meta":"","header-below-stick-meta":"","astra-migrate-meta-layouts":"default","ast-page-background-enabled":"default","ast-page-background-meta":{"desktop":{"background-color":"var(--ast-global-color-4)","background-image":"","background-repeat":"repeat","background-position":"center center","background-size":"auto","background-attachment":"scroll","background-type":"","background-media":"","overlay-type":"","overlay-color":"","overlay-opacity":"","overlay-gradient":""},"tablet":{"background-color":"","background-image":"","background-repeat":"repeat","background-position":"center center","background-size":"auto","background-attachment":"scroll","background-type":"","background-media":"","overlay-type":"","overlay-color":"","overlay-opacity":"","overlay-gradient":""},"mobile":{"background-color":"","background-image":"","background-repeat":"repeat","background-position":"center center","background-size":"auto","background-attachment":"scroll","background-type":"","background-media":"","overlay-type":"","overlay-color":"","overlay-opacity":"","overlay-gradient":""}},"ast-content-background-meta":{"desktop":{"background-color":"var(--ast-global-color-5)","background-image":"","background-repeat":"repeat","background-position":"center center","background-size":"auto","background-attachment":"scroll","background-type":"","background-media":"","overlay-type":"","overlay-color":"","overlay-opacity":"","overlay-gradient":""},"tablet":{"background-color":"var(--ast-global-color-5)","background-image":"","background-repeat":"repeat","background-position":"center center","background-size":"auto","background-attachment":"scroll","background-type":"","background-media":"","overlay-type":"","overlay-color":"","overlay-opacity":"","overlay-gradient":""},"mobile":{"background-color":"var(--ast-global-color-5)","background-image":"","background-repeat":"repeat","background-position":"center center","background-size":"auto","background-attachment":"scroll","background-type":"","background-media":"","overlay-type":"","overlay-color":"","overlay-opacity":"","overlay-gradient":""}},"footnotes":""},"class_list":["post-1118","page","type-page","status-publish","hentry"],"_links":{"self":[{"href":"https:\/\/restaurantlupo.com\/en\/wp-json\/wp\/v2\/pages\/1118","targetHints":{"allow":["GET"]}}],"collection":[{"href":"https:\/\/restaurantlupo.com\/en\/wp-json\/wp\/v2\/pages"}],"about":[{"href":"https:\/\/restaurantlupo.com\/en\/wp-json\/wp\/v2\/types\/page"}],"author":[{"embeddable":true,"href":"https:\/\/restaurantlupo.com\/en\/wp-json\/wp\/v2\/users\/2"}],"replies":[{"embeddable":true,"href":"https:\/\/restaurantlupo.com\/en\/wp-json\/wp\/v2\/comments?post=1118"}],"version-history":[{"count":9,"href":"https:\/\/restaurantlupo.com\/en\/wp-json\/wp\/v2\/pages\/1118\/revisions"}],"predecessor-version":[{"id":3814,"href":"https:\/\/restaurantlupo.com\/en\/wp-json\/wp\/v2\/pages\/1118\/revisions\/3814"}],"wp:attachment":[{"href":"https:\/\/restaurantlupo.com\/en\/wp-json\/wp\/v2\/media?parent=1118"}],"curies":[{"name":"wp","href":"https:\/\/api.w.org\/{rel}","templated":true}]}}