{"id":3071,"date":"2022-11-29T13:19:20","date_gmt":"2022-11-29T13:19:20","guid":{"rendered":"https:\/\/lupo.wpdev.ca\/vin-rose\/"},"modified":"2023-01-25T16:45:26","modified_gmt":"2023-01-25T16:45:26","slug":"rose-wine","status":"publish","type":"page","link":"https:\/\/restaurantlupo.com\/en\/rose-wine\/","title":{"rendered":"Ros\u00e9 wine"},"content":{"rendered":"\n<h1>\n\t\tCARTE DES VINS\n\t<\/h1>\n\t\t\t<a href=\"https:\/\/restaurantlupo.com\/en\/red-wine\/\" target=\"_self\" role=\"button\" rel=\"noopener\">\n\t\t\t\t\t\t\tRed wine\n\t\t\t\t\t<\/a>\n\t\t\t<a href=\"https:\/\/restaurantlupo.com\/en\/white-wine\/\" target=\"_self\" role=\"button\" rel=\"noopener\">\n\t\t\t\t\t\t\tWhite wine\n\t\t\t\t\t<\/a>\n\t\t\t<a href=\"https:\/\/restaurantlupo.com\/en\/rose-wine\/\" target=\"_self\" role=\"button\" rel=\"noopener\">\n\t\t\t\t\t\t\tRos\u00e9 wine\n\t\t\t\t\t<\/a>\n\t\t\t<a href=\"https:\/\/restaurantlupo.com\/en\/mousseux-champagne\/\" target=\"_self\" role=\"button\" rel=\"noopener\">\n\t\t\t\t\t\t\tMousseux  Champagne\n\t\t\t\t\t<\/a>\n<h2>\n\t\tVIN ROS\u00c9\n\t<\/h2>\n\t\t<h4>45<\/h4>\n\t\t\t<h3>Cuv\u00e9e des Oliviers (BIO), Montrifin<\/h3>\n<h6>FR,2020<\/h6>\n\t\t<h4>50<\/h4>\n\t\t\t<h3>Albia Ros\u00e9 Ricasoli Toscana<\/h3>\n<h6>IT,2021<\/h6>\n\t\t<h4>80<\/h4>\n\t\t\t<h3>Sancerre Ros\u00e9, Domaine Bailly-Reverdy<\/h3>\n<h6>FR,2021<\/h6>\n\n","protected":false},"excerpt":{"rendered":"<p>CARTE DES VINS Red wine White wine Ros\u00e9 wine Mousseux Champagne VIN ROS\u00c9 45 Cuv\u00e9e des Oliviers (BIO), Montrifin FR,2020 50 Albia Ros\u00e9 Ricasoli Toscana IT,2021 80 Sancerre Ros\u00e9, Domaine Bailly-Reverdy FR,2021<\/p>\n","protected":false},"author":2,"featured_media":0,"parent":0,"menu_order":0,"comment_status":"closed","ping_status":"closed","template":"","meta":{"_seopress_robots_primary_cat":"","_seopress_titles_title":"","_seopress_titles_desc":"","_seopress_robots_index":"","site-sidebar-layout":"no-sidebar","site-content-layout":"page-builder","ast-site-content-layout":"default","site-content-style":"default","site-sidebar-style":"default","ast-global-header-display":"","ast-banner-title-visibility":"","ast-main-header-display":"","ast-hfb-above-header-display":"","ast-hfb-below-header-display":"","ast-hfb-mobile-header-display":"","site-post-title":"disabled","ast-breadcrumbs-content":"disabled","ast-featured-img":"disabled","footer-sml-layout":"disabled","theme-transparent-header-meta":"default","adv-header-id-meta":"","stick-header-meta":"","header-above-stick-meta":"","header-main-stick-meta":"","header-below-stick-meta":"","astra-migrate-meta-layouts":"default","ast-page-background-enabled":"default","ast-page-background-meta":{"desktop":{"background-color":"var(--ast-global-color-4)","background-image":"","background-repeat":"repeat","background-position":"center center","background-size":"auto","background-attachment":"scroll","background-type":"","background-media":"","overlay-type":"","overlay-color":"","overlay-opacity":"","overlay-gradient":""},"tablet":{"background-color":"","background-image":"","background-repeat":"repeat","background-position":"center center","background-size":"auto","background-attachment":"scroll","background-type":"","background-media":"","overlay-type":"","overlay-color":"","overlay-opacity":"","overlay-gradient":""},"mobile":{"background-color":"","background-image":"","background-repeat":"repeat","background-position":"center center","background-size":"auto","background-attachment":"scroll","background-type":"","background-media":"","overlay-type":"","overlay-color":"","overlay-opacity":"","overlay-gradient":""}},"ast-content-background-meta":{"desktop":{"background-color":"var(--ast-global-color-5)","background-image":"","background-repeat":"repeat","background-position":"center center","background-size":"auto","background-attachment":"scroll","background-type":"","background-media":"","overlay-type":"","overlay-color":"","overlay-opacity":"","overlay-gradient":""},"tablet":{"background-color":"var(--ast-global-color-5)","background-image":"","background-repeat":"repeat","background-position":"center center","background-size":"auto","background-attachment":"scroll","background-type":"","background-media":"","overlay-type":"","overlay-color":"","overlay-opacity":"","overlay-gradient":""},"mobile":{"background-color":"var(--ast-global-color-5)","background-image":"","background-repeat":"repeat","background-position":"center center","background-size":"auto","background-attachment":"scroll","background-type":"","background-media":"","overlay-type":"","overlay-color":"","overlay-opacity":"","overlay-gradient":""}},"footnotes":""},"class_list":["post-3071","page","type-page","status-publish","hentry"],"_links":{"self":[{"href":"https:\/\/restaurantlupo.com\/en\/wp-json\/wp\/v2\/pages\/3071","targetHints":{"allow":["GET"]}}],"collection":[{"href":"https:\/\/restaurantlupo.com\/en\/wp-json\/wp\/v2\/pages"}],"about":[{"href":"https:\/\/restaurantlupo.com\/en\/wp-json\/wp\/v2\/types\/page"}],"author":[{"embeddable":true,"href":"https:\/\/restaurantlupo.com\/en\/wp-json\/wp\/v2\/users\/2"}],"replies":[{"embeddable":true,"href":"https:\/\/restaurantlupo.com\/en\/wp-json\/wp\/v2\/comments?post=3071"}],"version-history":[{"count":4,"href":"https:\/\/restaurantlupo.com\/en\/wp-json\/wp\/v2\/pages\/3071\/revisions"}],"predecessor-version":[{"id":3454,"href":"https:\/\/restaurantlupo.com\/en\/wp-json\/wp\/v2\/pages\/3071\/revisions\/3454"}],"wp:attachment":[{"href":"https:\/\/restaurantlupo.com\/en\/wp-json\/wp\/v2\/media?parent=3071"}],"curies":[{"name":"wp","href":"https:\/\/api.w.org\/{rel}","templated":true}]}}